{"id":48,"date":"2022-11-11T20:15:25","date_gmt":"2022-11-11T23:15:25","guid":{"rendered":"https:\/\/www.autismomisiones.org.ar\/?page_id=48"},"modified":"2025-05-15T17:23:30","modified_gmt":"2025-05-15T20:23:30","slug":"elementor-48","status":"publish","type":"page","link":"https:\/\/www.autismomisiones.org.ar\/","title":{"rendered":"Inicio"},"content":{"rendered":"\t\t<div data-elementor-type=\"wp-page\" data-elementor-id=\"48\" class=\"elementor elementor-48\">\n\t\t\t\t\t\t\t\t\t<section class=\"elementor-section elementor-top-section elementor-element elementor-element-440a24b9 elementor-section-boxed elementor-section-height-default elementor-section-height-default\" data-id=\"440a24b9\" data-element_type=\"section\">\n\t\t\t\t\t\t<div class=\"elementor-container elementor-column-gap-default\">\n\t\t\t\t\t<div class=\"elementor-column elementor-col-100 elementor-top-column elementor-element elementor-element-6cb1de7b elementor-invisible\" data-id=\"6cb1de7b\" data-element_type=\"column\" data-settings=\"{&quot;animation&quot;:&quot;fadeInDown&quot;}\">\n\t\t\t<div class=\"elementor-widget-wrap elementor-element-populated\">\n\t\t\t\t\t\t\t\t<div class=\"elementor-element elementor-element-72be86f6 elementor-widget elementor-widget-text-editor\" data-id=\"72be86f6\" data-element_type=\"widget\" data-widget_type=\"text-editor.default\">\n\t\t\t\t<div class=\"elementor-widget-container\">\n\t\t\t<style>\/*! elementor - v3.8.0 - 30-10-2022 *\/\n.elementor-widget-text-editor.elementor-drop-cap-view-stacked .elementor-drop-cap{background-color:#818a91;color:#fff}.elementor-widget-text-editor.elementor-drop-cap-view-framed .elementor-drop-cap{color:#818a91;border:3px solid;background-color:transparent}.elementor-widget-text-editor:not(.elementor-drop-cap-view-default) .elementor-drop-cap{margin-top:8px}.elementor-widget-text-editor:not(.elementor-drop-cap-view-default) .elementor-drop-cap-letter{width:1em;height:1em}.elementor-widget-text-editor .elementor-drop-cap{float:left;text-align:center;line-height:1;font-size:50px}.elementor-widget-text-editor .elementor-drop-cap-letter{display:inline-block}<\/style>\t\t\t\t<p><style><span data-mce-type=\"bookmark\" style=\"display: inline-block; width: 0px; overflow: hidden; line-height: 0;\" class=\"mce_SELRES_start\">\ufeff<\/span>\/*! elementor - v3.8.0 - 30-10-2022 *\/<br \/>\n.elementor-heading-title{padding:0;margin:0;line-height:1}.elementor-widget-heading .elementor-heading-title[class*=elementor-size-]>a{color:inherit;font-size:inherit;line-height:inherit}.elementor-widget-heading .elementor-heading-title.elementor-size-small{font-size:15px}.elementor-widget-heading .elementor-heading-title.elementor-size-medium{font-size:19px}.elementor-widget-heading .elementor-heading-title.elementor-size-large{font-size:29px}.elementor-widget-heading .elementor-heading-title.elementor-size-xl{font-size:39px}.elementor-widget-heading .elementor-heading-title.elementor-size-xxl{font-size:59px}<\/style><\/p><h1>\u00bfQui\u00e9nes somos?<\/h1><p>FAPADHEA es la Fundaci\u00f3n de Apoyo a Padres de Hijos del Espectro Autista. Esta constituida por padres y familares de ni\u00f1os con Autismo junto a profesionales de la salud y la educaci\u00f3n, con la funci\u00f3n de dar apoyo e informaci\u00f3n a la sociedad bajo premisas de solidaridad e igualdad de oportunidades, con el fin de difundir la concientizaci\u00f3n de la Detecci\u00f3n Temprana del Espectro Autista, y as\u00ed mejorar la calidad de vida de estas personas y la de su entorno social.<\/p><p><a role=\"button\" href=\"https:\/\/www.autismomisiones.org.ar\/index.php\/quienes-somos\/\"><br \/>Conocer m\u00e1s<br \/><\/a><br \/><a href=\"https:\/\/www.autismomisiones.org.ar\/wp-content\/uploads\/2022\/11\/imagen.jpg\" data-elementor-open-lightbox=\"yes\" data-elementor-lightbox-slideshow=\"4c1281a\" data-elementor-lightbox-title=\"imagen\" data-elementor-lightbox-video=\"https:\/\/player.vimeo.com\/video\/776952403?autoplay=1&amp;rel=0&amp;controls=0#t=\">lay<br \/><\/a><\/p><p>\u00a0<\/p><p><style>\/*! elementor - v3.8.0 - 30-10-2022 *\/<br \/>\n.elementor-widget-image{text-align:center}.elementor-widget-image a{display:inline-block}.elementor-widget-image a img[src$=\".svg\"]{width:48px}.elementor-widget-image img{vertical-align:middle;display:inline-block}<\/style><\/p><p><img loading=\"lazy\" decoding=\"async\" src=\"https:\/\/www.autismomisiones.org.ar\/wp-content\/uploads\/2022\/11\/12719502_797499273688190_6254019706441706719_o-1024x576.jpg\" sizes=\"auto, (max-width: 800px) 100vw, 800px\" srcset=\"https:\/\/www.autismomisiones.org.ar\/wp-content\/uploads\/2022\/11\/12719502_797499273688190_6254019706441706719_o-1024x576.jpg 1024w, https:\/\/www.autismomisiones.org.ar\/wp-content\/uploads\/2022\/11\/12719502_797499273688190_6254019706441706719_o-300x169.jpg 300w, https:\/\/www.autismomisiones.org.ar\/wp-content\/uploads\/2022\/11\/12719502_797499273688190_6254019706441706719_o-768x432.jpg 768w, https:\/\/www.autismomisiones.org.ar\/wp-content\/uploads\/2022\/11\/12719502_797499273688190_6254019706441706719_o.jpg 1080w\" alt=\"\" width=\"800\" height=\"450\" \/><br \/><img loading=\"lazy\" decoding=\"async\" src=\"https:\/\/www.autismomisiones.org.ar\/wp-content\/uploads\/2022\/11\/311828208_568346241757880_5692413708728894358_n-1024x576.jpg\" sizes=\"auto, (max-width: 800px) 100vw, 800px\" srcset=\"https:\/\/www.autismomisiones.org.ar\/wp-content\/uploads\/2022\/11\/311828208_568346241757880_5692413708728894358_n-1024x576.jpg 1024w, https:\/\/www.autismomisiones.org.ar\/wp-content\/uploads\/2022\/11\/311828208_568346241757880_5692413708728894358_n-300x169.jpg 300w, https:\/\/www.autismomisiones.org.ar\/wp-content\/uploads\/2022\/11\/311828208_568346241757880_5692413708728894358_n-768x432.jpg 768w, https:\/\/www.autismomisiones.org.ar\/wp-content\/uploads\/2022\/11\/311828208_568346241757880_5692413708728894358_n-1536x864.jpg 1536w, https:\/\/www.autismomisiones.org.ar\/wp-content\/uploads\/2022\/11\/311828208_568346241757880_5692413708728894358_n.jpg 1599w\" alt=\"\" width=\"800\" height=\"450\" \/><br \/><img loading=\"lazy\" decoding=\"async\" src=\"https:\/\/www.autismomisiones.org.ar\/wp-content\/uploads\/2022\/11\/17620149_1056895164415265_1942376998530363561_o-1024x575.jpg\" sizes=\"auto, (max-width: 800px) 100vw, 800px\" srcset=\"https:\/\/www.autismomisiones.org.ar\/wp-content\/uploads\/2022\/11\/17620149_1056895164415265_1942376998530363561_o-1024x575.jpg 1024w, https:\/\/www.autismomisiones.org.ar\/wp-content\/uploads\/2022\/11\/17620149_1056895164415265_1942376998530363561_o-300x169.jpg 300w, https:\/\/www.autismomisiones.org.ar\/wp-content\/uploads\/2022\/11\/17620149_1056895164415265_1942376998530363561_o-768x431.jpg 768w, https:\/\/www.autismomisiones.org.ar\/wp-content\/uploads\/2022\/11\/17620149_1056895164415265_1942376998530363561_o.jpg 1440w\" alt=\"\" width=\"800\" height=\"449\" \/><br \/><img loading=\"lazy\" decoding=\"async\" src=\"https:\/\/www.autismomisiones.org.ar\/wp-content\/uploads\/2022\/11\/300806275_5538434172911182_2465892624364252212_n.jpg\" sizes=\"auto, (max-width: 480px) 100vw, 480px\" srcset=\"https:\/\/www.autismomisiones.org.ar\/wp-content\/uploads\/2022\/11\/300806275_5538434172911182_2465892624364252212_n.jpg 480w, https:\/\/www.autismomisiones.org.ar\/wp-content\/uploads\/2022\/11\/300806275_5538434172911182_2465892624364252212_n-241x300.jpg 241w\" alt=\"\" width=\"480\" height=\"598\" \/><\/p><h3>Un poco de nosotros<\/h3><p><a role=\"button\" href=\"\/index.php\/charlas-y-presentaciones\/\"><br \/>Ver m\u00e1s<br \/><\/a><\/p><h3>Objetivos de la Fundaci\u00f3n<\/h3><p><style>\/*! elementor - v3.8.0 - 30-10-2022 *\/<br \/>\n.elementor-widget-image-box .elementor-image-box-content{width:100%}@media (min-width:768px){.elementor-widget-image-box.elementor-position-left .elementor-image-box-wrapper,.elementor-widget-image-box.elementor-position-right .elementor-image-box-wrapper{display:-webkit-box;display:-ms-flexbox;display:flex}.elementor-widget-image-box.elementor-position-right .elementor-image-box-wrapper{text-align:right;-webkit-box-orient:horizontal;-webkit-box-direction:reverse;-ms-flex-direction:row-reverse;flex-direction:row-reverse}.elementor-widget-image-box.elementor-position-left .elementor-image-box-wrapper{text-align:left;-webkit-box-orient:horizontal;-webkit-box-direction:normal;-ms-flex-direction:row;flex-direction:row}.elementor-widget-image-box.elementor-position-top .elementor-image-box-img{margin:auto}.elementor-widget-image-box.elementor-vertical-align-top .elementor-image-box-wrapper{-webkit-box-align:start;-ms-flex-align:start;align-items:flex-start}.elementor-widget-image-box.elementor-vertical-align-middle .elementor-image-box-wrapper{-webkit-box-align:center;-ms-flex-align:center;align-items:center}.elementor-widget-image-box.elementor-vertical-align-bottom .elementor-image-box-wrapper{-webkit-box-align:end;-ms-flex-align:end;align-items:flex-end}}@media (max-width:767px){.elementor-widget-image-box .elementor-image-box-img{margin-left:auto!important;margin-right:auto!important;margin-bottom:15px}}.elementor-widget-image-box .elementor-image-box-img{display:inline-block}.elementor-widget-image-box .elementor-image-box-title a{color:inherit}.elementor-widget-image-box .elementor-image-box-wrapper{text-align:center}.elementor-widget-image-box .elementor-image-box-description{margin:0}<\/style><\/p><figure><a href=\"#\"><img decoding=\"async\" title=\"4091527\" src=\"https:\/\/www.autismomisiones.org.ar\/wp-content\/uploads\/elementor\/thumbs\/4091527-scaled-pxks3yq0fwvqmjaq1kzp2xdu8c72rpkxbwtazntglg.jpg\" alt=\"4091527\" \/><\/a><\/figure><p>Promover toda actividad de asistencia social, sanitaria, cultural, deportivas en la comunidad, contribuyendo al mejoramiento del bienestar de toda la comunidad, especialmente de personas con capacidades especiales y en particularmente a quienes tengan trastornos del espectro autista<\/p><figure><a href=\"#\"><img decoding=\"async\" title=\"3611349\" src=\"https:\/\/www.autismomisiones.org.ar\/wp-content\/uploads\/elementor\/thumbs\/3611349-scaled-pxks25v5cceydfwxkayfsvr18r2r0lfg2zssvkhmis.jpg\" alt=\"3611349\" \/><\/a><\/figure><p>Convocar a profesionales de la salud, trabajadores sociales, abogados, Ingenieros, nutricionistas, educadores, a todo profesional y\/o distintas personas que quieran y puedan colaborar con mejorar el bienestar de la poblaci\u00f3n, particularmente de quienes tengan s\u00edntomas del espectro autista y\/u otras capacidades especiales y de sus familiares<\/p><figure><a href=\"#\"><img decoding=\"async\" title=\"Female student listening webinar online\" src=\"https:\/\/www.autismomisiones.org.ar\/wp-content\/uploads\/elementor\/thumbs\/6461-scaled-pxks6e503i7em9rqv4s00tbph687nk7ynxhgme7uis.jpg\" alt=\"Female student listening webinar online flat vector illustration. Cartoon people at training, video conference or lecture. Computer study and education concept\" \/><\/a><\/figure><p>Organizar, convocar, difundir cursos de perfeccionamiento, buscando la especializaci\u00f3n de quienes trabajen en la atenci\u00f3n de personas con problemas f\u00edsicos, intelectuales, psicol\u00f3gicos, del lenguaje<\/p><figure><a href=\"#\"><img decoding=\"async\" title=\"Team in social networks working vector illustration\" src=\"https:\/\/www.autismomisiones.org.ar\/wp-content\/uploads\/elementor\/thumbs\/670-scaled-pxksbjb7hv8w5gartuti60lii2virxn31e045wlah0.jpg\" alt=\"Team in social networks working vector illustration\" \/><\/a><\/figure><p>Generar acciones de v\u00ednculos con entidades privadas y\/o p\u00fablicas, locales, nacionales y\/o internacionales a los efectos de obtener los medios y recursos humanos, econ\u00f3micos, materiales, cient\u00edficos, tecnol\u00f3gicos y de ense\u00f1anza con relaci\u00f3n directa o indirecta a la consecuci\u00f3n de sus fines.<\/p>\t\t\t\t\t\t<\/div>\n\t\t\t\t<\/div>\n\t\t\t\t\t<\/div>\n\t\t<\/div>\n\t\t\t\t\t\t\t<\/div>\n\t\t<\/section>\n\t\t\t\t\t\t\t<\/div>\n\t\t","protected":false},"excerpt":{"rendered":"<p>\u00bfQui\u00e9nes somos? FAPADHEA es la Fundaci\u00f3n de Apoyo a Padres de Hijos del Espectro Autista. Esta constituida por padres y familares de ni\u00f1os con Autismo junto a profesionales de la salud y la educaci\u00f3n, con la funci\u00f3n de dar apoyo e informaci\u00f3n a la sociedad bajo premisas de solidaridad e igualdad de oportunidades, con el [&hellip;]<\/p>\n","protected":false},"author":1,"featured_media":0,"parent":0,"menu_order":0,"comment_status":"closed","ping_status":"closed","template":"","meta":{"footnotes":""},"class_list":["post-48","page","type-page","status-publish","hentry"],"_links":{"self":[{"href":"https:\/\/www.autismomisiones.org.ar\/index.php?rest_route=\/wp\/v2\/pages\/48","targetHints":{"allow":["GET"]}}],"collection":[{"href":"https:\/\/www.autismomisiones.org.ar\/index.php?rest_route=\/wp\/v2\/pages"}],"about":[{"href":"https:\/\/www.autismomisiones.org.ar\/index.php?rest_route=\/wp\/v2\/types\/page"}],"author":[{"embeddable":true,"href":"https:\/\/www.autismomisiones.org.ar\/index.php?rest_route=\/wp\/v2\/users\/1"}],"replies":[{"embeddable":true,"href":"https:\/\/www.autismomisiones.org.ar\/index.php?rest_route=%2Fwp%2Fv2%2Fcomments&post=48"}],"version-history":[{"count":119,"href":"https:\/\/www.autismomisiones.org.ar\/index.php?rest_route=\/wp\/v2\/pages\/48\/revisions"}],"predecessor-version":[{"id":479,"href":"https:\/\/www.autismomisiones.org.ar\/index.php?rest_route=\/wp\/v2\/pages\/48\/revisions\/479"}],"wp:attachment":[{"href":"https:\/\/www.autismomisiones.org.ar\/index.php?rest_route=%2Fwp%2Fv2%2Fmedia&parent=48"}],"curies":[{"name":"wp","href":"https:\/\/api.w.org\/{rel}","templated":true}]}}